{"id":4,"date":"2015-07-06T14:48:24","date_gmt":"2015-07-06T12:48:24","guid":{"rendered":"https:\/\/champagnole.circo39.ac-besancon.fr\/?page_id=4"},"modified":"2025-08-29T18:39:04","modified_gmt":"2025-08-29T16:39:04","slug":"mentions-legales","status":"publish","type":"page","link":"https:\/\/champagnole.circo39.ac-besancon.fr\/?page_id=4","title":{"rendered":"Mentions l\u00e9gales"},"content":{"rendered":"<div class=\"entry-content\">\n<div class=\"entry-content\">\n<header class=\"entry-header\">\n<h1 class=\"entry-title\">POLITIQUE DE CONFIDENTIALIT\u00c9<\/h1>\n<\/header>\n<div class=\"entry-content\">\n<h2>Qui sommes-nous\u00a0?<\/h2>\n<p>L\u2019adresse de notre site Web est\u00a0: <a href=\"https:\/\/champagnole.circo39.ac-besancon.fr\">https:\/\/champagnole.circo39.ac-besancon.fr.<\/a><\/p>\n<h2>Utilisation des donn\u00e9es personnelles collect\u00e9es<\/h2>\n<h4>Cookies<\/h4>\n<p>Si vous avez un compte et que vous vous connectez sur ce site, un cookie temporaire sera cr\u00e9\u00e9 afin de d\u00e9terminer si votre navigateur accepte les cookies. Il ne contient pas de donn\u00e9es personnelles et sera supprim\u00e9 automatiquement \u00e0 la fermeture de votre navigateur.<\/p>\n<p>Lorsque vous vous connecterez, nous mettrons en place un certain nombre de cookies pour enregistrer vos informations de connexion et vos pr\u00e9f\u00e9rences d\u2019\u00e9cran. La dur\u00e9e de vie d\u2019un cookie de connexion est de deux jours, celle d\u2019un cookie d\u2019option d\u2019\u00e9cran est d\u2019un an. Si vous cochez \u00ab\u00a0Se souvenir de moi\u00a0\u00bb, votre cookie de connexion sera conserv\u00e9 pendant deux semaines. Si vous vous d\u00e9connectez de votre compte, le cookie de connexion sera effac\u00e9.<\/p>\n<p>En modifiant ou en publiant un article, un cookie suppl\u00e9mentaire sera enregistr\u00e9 dans votre navigateur. Ce cookie ne comprend aucune donn\u00e9e personnelle. Il indique simplement l\u2019identifiant de l\u2019article que vous venez de modifier. Il expire au bout d\u2019un jour.<\/p>\n<h2>Utilisation et transmission de vos donn\u00e9es personnelles<\/h2>\n<h4>Les droits que vous avez sur vos donn\u00e9es<\/h4>\n<p>Si vous avez un compte sur le site, vous pouvez demander \u00e0 recevoir un fichier contenant toutes les donn\u00e9es personnelles que nous poss\u00e9dons \u00e0 votre sujet, incluant celles que vous nous avez fournies. Vous pouvez \u00e9galement demander la suppression des donn\u00e9es personnelles vous concernant. Cela ne prend pas en compte les donn\u00e9es stock\u00e9es \u00e0 des fins administratives, l\u00e9gales ou pour des raisons de s\u00e9curit\u00e9.<\/p>\n<\/div>\n<h3><strong>Informations de contact :\u00a0<\/strong><\/h3>\n<p><strong>&#8211; Responsable l\u00e9gal et directeur de la publication\u00a0:<\/strong><br \/>\n<em>M. Fabien BEN, Directeur acad\u00e9mique des services de l&rsquo;\u00c9ducation nationale du Jura<\/em><\/p>\n<p><strong>&#8211; Responsable d&rsquo;\u00e9dition :<br \/>\n<\/strong><em>Mme Patricia GIRARDET, Inspectrice de l&rsquo;\u00c9ducation nationale, circonscription de Champagnole<\/em><\/p>\n<p><strong>&#8211; Webmaster :<\/strong><br \/>\n<em>Mme. Amandine TERRIER,\u00a0Enseignante r\u00e9f\u00e9rente pour les usages du num\u00e9rique amandine.terrier[a]ac-besancon.fr<\/em><\/p>\n<p><strong>\u2013 H\u00e9bergeur :<\/strong><\/p>\n<p>Direction des Syst\u00e8mes d\u2019Information de l\u2019acad\u00e9mie de Besan\u00e7on<br \/>\n10, rue de la convention 25030 Besan\u00e7on Cedex<br \/>\nT\u00e9l. : 03 81 65 47 00<br \/>\n<strong><a href=\"mailto:ce.dsi@region-academique-bourgogne-franche-comte.fr\">ce.dsi@region-academique-bourgogne-franche-comte.fr<\/a><\/strong>DSI<\/p>\n<h1 class=\"wp-block-heading has-medium-font-size\"><\/h1>\n<hr \/>\n<p><em>Banni\u00e8re du site :\u00a0mosa\u00efque<\/em><em>\u00a0d&rsquo;\u00e9coles de la circonscription<\/em><\/p>\n<\/div>\n<\/div>\n","protected":false},"excerpt":{"rendered":"<p>POLITIQUE DE CONFIDENTIALIT\u00c9 Qui sommes-nous\u00a0? L\u2019adresse de notre site Web est\u00a0: https:\/\/champagnole.circo39.ac-besancon.fr. Utilisation des donn\u00e9es personnelles collect\u00e9es Cookies Si vous avez un compte et que vous vous connectez sur ce site, un cookie temporaire sera cr\u00e9\u00e9 afin de d\u00e9terminer si votre navigateur accepte les cookies. Il ne contient pas de donn\u00e9es personnelles et sera supprim\u00e9 &hellip; <a href=\"https:\/\/champagnole.circo39.ac-besancon.fr\/?page_id=4\" class=\"more-link\">Continuer la lecture de <span class=\"screen-reader-text\">Mentions l\u00e9gales<\/span>  <span class=\"meta-nav\">&rarr;<\/span><\/a><\/p>\n","protected":false},"author":8,"featured_media":0,"parent":0,"menu_order":0,"comment_status":"closed","ping_status":"closed","template":"page-templates\/full-width.php","meta":{"footnotes":""},"class_list":["post-4","page","type-page","status-publish","hentry"],"_links":{"self":[{"href":"https:\/\/champagnole.circo39.ac-besancon.fr\/index.php?rest_route=\/wp\/v2\/pages\/4","targetHints":{"allow":["GET"]}}],"collection":[{"href":"https:\/\/champagnole.circo39.ac-besancon.fr\/index.php?rest_route=\/wp\/v2\/pages"}],"about":[{"href":"https:\/\/champagnole.circo39.ac-besancon.fr\/index.php?rest_route=\/wp\/v2\/types\/page"}],"author":[{"embeddable":true,"href":"https:\/\/champagnole.circo39.ac-besancon.fr\/index.php?rest_route=\/wp\/v2\/users\/8"}],"replies":[{"embeddable":true,"href":"https:\/\/champagnole.circo39.ac-besancon.fr\/index.php?rest_route=%2Fwp%2Fv2%2Fcomments&post=4"}],"version-history":[{"count":10,"href":"https:\/\/champagnole.circo39.ac-besancon.fr\/index.php?rest_route=\/wp\/v2\/pages\/4\/revisions"}],"predecessor-version":[{"id":10506,"href":"https:\/\/champagnole.circo39.ac-besancon.fr\/index.php?rest_route=\/wp\/v2\/pages\/4\/revisions\/10506"}],"wp:attachment":[{"href":"https:\/\/champagnole.circo39.ac-besancon.fr\/index.php?rest_route=%2Fwp%2Fv2%2Fmedia&parent=4"}],"curies":[{"name":"wp","href":"https:\/\/api.w.org\/{rel}","templated":true}]}}